    {"id":92,"date":"2014-01-19T16:30:33","date_gmt":"2014-01-19T16:30:33","guid":{"rendered":"http:\/\/lisariks.wordpress.com\/?page_id=92"},"modified":"2025-09-19T18:03:56","modified_gmt":"2025-09-19T18:03:56","slug":"redaktion","status":"publish","type":"page","link":"https:\/\/svariks.se\/?page_id=92","title":{"rendered":"Redaktion"},"content":{"rendered":"<p>Nedan finner du kontaktuppgifter till redaktionen f\u00f6r tidningen Lisetten. Om du har f\u00f6rslag p\u00e5 inneh\u00e5ller eller vill medverka i tidningen, h\u00f6r g\u00e4rna av dig till Lisettens redaktion!<\/p>\n<p>Vid fr\u00e5gor om leverans, fakturering och prenumerationer ska du ist\u00e4llet kontakta kass\u00f6r\/medlemsregisteransvarig via e-post<a href=\"mailto:medlem@svariks.se\"> info@svariks.se<\/a><\/p>\n<h3>Redaktion<\/h3>\n<p>Redaktionen n\u00e5s enklast via e-post <a href=\"mailto:redaktion@svariks.se\">redaktion@svariks.se<\/a><\/p>\n<h3>Annonsansvarig<\/h3>\n<p>F\u00f6r fr\u00e5gor om annonsering, priser och bokning av annonsplats kontaktar du annonsbokningen: <a href=\"mailto:annonser@svariks.se\">info@svariks.se<\/a><\/p>\n<h3>Ansvarig utgivare: Selma Larsson<\/h3>\n<p><a href=\"mailto:ordforande@svariks.se\">Annalena Svensson, ordf\u00f6rande SVARIKS<\/a><\/p>\n","protected":false},"excerpt":{"rendered":"<p>Nedan finner du kontaktuppgifter till redaktionen f\u00f6r tidningen Lisetten. Om du har f\u00f6rslag p\u00e5 inneh\u00e5ller eller vill medverka i tidningen, h\u00f6r g\u00e4rna av dig till Lisettens redaktion! Vid fr\u00e5gor om leverans, fakturering och prenumerationer ska du ist\u00e4llet kontakta kass\u00f6r\/medlemsregisteransvarig via e-post info@svariks.se Redaktion Redaktionen n\u00e5s enklast via e-post redaktion@svariks.se Annonsansvarig F\u00f6r fr\u00e5gor om annonsering, priser [&hellip;]<\/p>\n","protected":false},"author":2,"featured_media":0,"parent":9,"menu_order":2,"comment_status":"open","ping_status":"closed","template":"","meta":{"footnotes":""},"class_list":["post-92","page","type-page","status-publish","hentry"],"jetpack_sharing_enabled":true,"jetpack_shortlink":"https:\/\/wp.me\/Pap6AT-1u","jetpack-related-posts":[{"id":173,"url":"https:\/\/svariks.se\/?page_id=173","url_meta":{"origin":92,"position":0},"title":"Riktlinjer till skribenter","author":"Annelie","date":"april 13, 2014","format":false,"excerpt":"Fyra g\u00e5nger per \u00e5r utkommer Riksf\u00f6rbundet l\u00e4rare i svenska som andraspr\u00e5ks medlemstidning Lisetten. \u00a0\u00a0\u00a0Varje nummer har ett tema, n\u00e5gra fasta avdelningar och enstaka frist\u00e5ende artiklar. Vill du vara med och skriva? H\u00f6r av dig till oss p\u00e5 redaktion@svariks.se Skrivanvisningar\u00a0T\u00e4nk p\u00e5 att v\u00e5ra l\u00e4sare fr\u00e4mst \u00e4r l\u00e4rare i svenska som andraspr\u00e5k.\u2026","rel":"","context":"Liknande inl\u00e4gg","block_context":{"text":"Liknande inl\u00e4gg","link":""},"img":{"alt_text":"","src":"","width":0,"height":0},"classes":[]},{"id":30,"url":"https:\/\/svariks.se\/?page_id=30","url_meta":{"origin":92,"position":1},"title":"Riksstyrelsen","author":"Annelie","date":"januari 1, 2014","format":false,"excerpt":"Riksstyrelsen 2025 best\u00e5r av f\u00f6ljande ledam\u00f6ter:\u00a0 Ordf\u00f6rande Annalena Svenssoninfo@svariks.se Ordinarie styrelsemedlemmar Cecilia Sanchez (sekreterare, vice ordf\u00f6rande)info@svariks.se\u00a0 redaktion@svariks.se Laura Plichta \u00a0(ledamot, sammankallande redaktionsr\u00e5det f\u00f6r Lisetten)redaktion@svariks.se Sori Rasti\u00a0(ledamot)info@svariks.se Selma Larsson (ledamot)redaktion@svariks.se \u00a0","rel":"","context":"Liknande inl\u00e4gg","block_context":{"text":"Liknande inl\u00e4gg","link":""},"img":{"alt_text":"","src":"","width":0,"height":0},"classes":[]},{"id":176,"url":"https:\/\/svariks.se\/?page_id=176","url_meta":{"origin":92,"position":2},"title":"Teman och utgivningsplan f\u00f6r Lisetten 2025","author":"Annelie","date":"april 13, 2014","format":false,"excerpt":"Riktlinjer till skribenter Vill du skriva i Lisetten 2025?Vi som skriver texter i Lisetten \u00e4r l\u00e4rare i svenska som andraspr\u00e5k. H\u00e4r finns plats f\u00f6r ber\u00e4ttelser fr\u00e5n klassrummet, funderingar \u00f6ver det som \u00e4r sv\u00e5rt och \u00e5sikter om vad som borde f\u00f6r\u00e4ndras.\u00a0\u00a0\u00a0Har du n\u00e5got att dela med dig av? Bli inspirerad av\u2026","rel":"","context":"Liknande inl\u00e4gg","block_context":{"text":"Liknande inl\u00e4gg","link":""},"img":{"alt_text":"","src":"https:\/\/i0.wp.com\/media.svariks.se\/2025\/09\/image.png?resize=350%2C200&ssl=1","width":350,"height":200,"srcset":"https:\/\/i0.wp.com\/media.svariks.se\/2025\/09\/image.png?resize=350%2C200&ssl=1 1x, https:\/\/i0.wp.com\/media.svariks.se\/2025\/09\/image.png?resize=525%2C300&ssl=1 1.5x, https:\/\/i0.wp.com\/media.svariks.se\/2025\/09\/image.png?resize=700%2C400&ssl=1 2x, https:\/\/i0.wp.com\/media.svariks.se\/2025\/09\/image.png?resize=1050%2C600&ssl=1 3x"},"classes":[]},{"id":15,"url":"https:\/\/svariks.se\/?page_id=15","url_meta":{"origin":92,"position":3},"title":"Kontakt","author":"Annelie","date":"januari 1, 2014","format":false,"excerpt":"Ordf\u00f6rande: Annalena Svensson Medlemskap\/fakturor: info@svariks.se Lisetten: redaktion@svariks.se Annonser: info@svariks.se Vi \u00e4r flera som hj\u00e4lps \u00e5t inom styrelsen. Vi n\u00e5s enklast via info@svariks.se","rel":"","context":"Liknande inl\u00e4gg","block_context":{"text":"Liknande inl\u00e4gg","link":""},"img":{"alt_text":"","src":"","width":0,"height":0},"classes":[]},{"id":9,"url":"https:\/\/svariks.se\/?page_id=9","url_meta":{"origin":92,"position":4},"title":"Tidningen Lisetten","author":"Annelie","date":"januari 1, 2014","format":false,"excerpt":"F\u00f6rbundets medlemstidning Lisetten \u00e4r ett spr\u00e5kr\u00f6r f\u00f6r forskning och pedagogik och ger en inblick i det dagliga arbetet med modersm\u00e5let, svenska som andraspr\u00e5k och flerspr\u00e5kiga elevers kunskapsutveckling. Tidningen utkommer med 4 nummer per \u00e5r. Sedan 2013 har varje nummer av Lisetten ett tema. Aktuellt tema, manusstopp och utgivningsdatum hittar du\u2026","rel":"","context":"Liknande inl\u00e4gg","block_context":{"text":"Liknande inl\u00e4gg","link":""},"img":{"alt_text":"","src":"https:\/\/i0.wp.com\/media.svariks.se\/2021\/05\/Lisetten1_21-korr11mars-page-001-scaled.jpg?resize=350%2C200&ssl=1","width":350,"height":200,"srcset":"https:\/\/i0.wp.com\/media.svariks.se\/2021\/05\/Lisetten1_21-korr11mars-page-001-scaled.jpg?resize=350%2C200&ssl=1 1x, https:\/\/i0.wp.com\/media.svariks.se\/2021\/05\/Lisetten1_21-korr11mars-page-001-scaled.jpg?resize=525%2C300&ssl=1 1.5x, https:\/\/i0.wp.com\/media.svariks.se\/2021\/05\/Lisetten1_21-korr11mars-page-001-scaled.jpg?resize=700%2C400&ssl=1 2x, https:\/\/i0.wp.com\/media.svariks.se\/2021\/05\/Lisetten1_21-korr11mars-page-001-scaled.jpg?resize=1050%2C600&ssl=1 3x, https:\/\/i0.wp.com\/media.svariks.se\/2021\/05\/Lisetten1_21-korr11mars-page-001-scaled.jpg?resize=1400%2C800&ssl=1 4x"},"classes":[]},{"id":7,"url":"https:\/\/svariks.se\/?page_id=7","url_meta":{"origin":92,"position":5},"title":"Medlemskap","author":"Annelie","date":"januari 1, 2014","format":false,"excerpt":"Som medlem i SVARIKS f\u00e5r du v\u00e5r tidning Lisetten 4 g\u00e5nger per \u00e5r. Medlemskapet str\u00e4cker sig fr\u00e5n\u00a0januari till december.\u00a0\u00a0Blir du medlem under perioden oktober till december g\u00e4ller ditt medlemsskap \u00e4ven f\u00f6r kommande \u00e5r! H\u00e5ll ocks\u00e5 koll p\u00e5 v\u00e5ra digitala kanaler f\u00f6r information om event, f\u00f6rel\u00e4sningar eller annat sp\u00e4nnande fr\u00e5n SVA-v\u00e4rlden!\u2026","rel":"","context":"Liknande inl\u00e4gg","block_context":{"text":"Liknande inl\u00e4gg","link":""},"img":{"alt_text":"","src":"","width":0,"height":0},"classes":[]}],"jetpack_likes_enabled":true,"_links":{"self":[{"href":"https:\/\/svariks.se\/index.php?rest_route=\/wp\/v2\/pages\/92","targetHints":{"allow":["GET"]}}],"collection":[{"href":"https:\/\/svariks.se\/index.php?rest_route=\/wp\/v2\/pages"}],"about":[{"href":"https:\/\/svariks.se\/index.php?rest_route=\/wp\/v2\/types\/page"}],"author":[{"embeddable":true,"href":"https:\/\/svariks.se\/index.php?rest_route=\/wp\/v2\/users\/2"}],"replies":[{"embeddable":true,"href":"https:\/\/svariks.se\/index.php?rest_route=%2Fwp%2Fv2%2Fcomments&post=92"}],"version-history":[{"count":4,"href":"https:\/\/svariks.se\/index.php?rest_route=\/wp\/v2\/pages\/92\/revisions"}],"predecessor-version":[{"id":5860,"href":"https:\/\/svariks.se\/index.php?rest_route=\/wp\/v2\/pages\/92\/revisions\/5860"}],"up":[{"embeddable":true,"href":"https:\/\/svariks.se\/index.php?rest_route=\/wp\/v2\/pages\/9"}],"wp:attachment":[{"href":"https:\/\/svariks.se\/index.php?rest_route=%2Fwp%2Fv2%2Fmedia&parent=92"}],"curies":[{"name":"wp","href":"https:\/\/api.w.org\/{rel}","templated":true}]}}