    {"id":9,"date":"2014-01-01T18:02:53","date_gmt":"2014-01-01T18:02:53","guid":{"rendered":"http:\/\/lisariks.wordpress.com\/?page_id=9"},"modified":"2021-05-03T09:40:30","modified_gmt":"2021-05-03T09:40:30","slug":"lisetten","status":"publish","type":"page","link":"https:\/\/svariks.se\/?page_id=9","title":{"rendered":"Tidningen Lisetten"},"content":{"rendered":"\n<div class=\"wp-block-image\"><figure class=\"alignright size-medium\"><img data-recalc-dims=\"1\" loading=\"lazy\" decoding=\"async\" width=\"212\" height=\"300\" data-attachment-id=\"5106\" data-permalink=\"https:\/\/svariks.se\/?attachment_id=5106\" data-orig-file=\"https:\/\/i0.wp.com\/media.svariks.se\/2021\/05\/Lisetten1_21-korr11mars-page-001-scaled.jpg?fit=1810%2C2560&amp;ssl=1\" data-orig-size=\"1810,2560\" data-comments-opened=\"0\" data-image-meta=\"{&quot;aperture&quot;:&quot;0&quot;,&quot;credit&quot;:&quot;&quot;,&quot;camera&quot;:&quot;&quot;,&quot;caption&quot;:&quot;&quot;,&quot;created_timestamp&quot;:&quot;0&quot;,&quot;copyright&quot;:&quot;&quot;,&quot;focal_length&quot;:&quot;0&quot;,&quot;iso&quot;:&quot;0&quot;,&quot;shutter_speed&quot;:&quot;0&quot;,&quot;title&quot;:&quot;&quot;,&quot;orientation&quot;:&quot;0&quot;}\" data-image-title=\"\" data-image-description=\"\" data-image-caption=\"\" data-large-file=\"https:\/\/i0.wp.com\/media.svariks.se\/2021\/05\/Lisetten1_21-korr11mars-page-001-scaled.jpg?fit=724%2C1024&amp;ssl=1\" src=\"https:\/\/i0.wp.com\/media.svariks.se\/2021\/05\/Lisetten1_21-korr11mars-page-001-212x300.jpg?resize=212%2C300&#038;ssl=1\" alt=\"\" class=\"wp-image-5106\" srcset=\"https:\/\/i0.wp.com\/media.svariks.se\/2021\/05\/Lisetten1_21-korr11mars-page-001-scaled.jpg?resize=212%2C300&amp;ssl=1 212w, https:\/\/i0.wp.com\/media.svariks.se\/2021\/05\/Lisetten1_21-korr11mars-page-001-scaled.jpg?resize=724%2C1024&amp;ssl=1 724w, https:\/\/i0.wp.com\/media.svariks.se\/2021\/05\/Lisetten1_21-korr11mars-page-001-scaled.jpg?resize=768%2C1086&amp;ssl=1 768w, https:\/\/i0.wp.com\/media.svariks.se\/2021\/05\/Lisetten1_21-korr11mars-page-001-scaled.jpg?resize=1086%2C1536&amp;ssl=1 1086w, https:\/\/i0.wp.com\/media.svariks.se\/2021\/05\/Lisetten1_21-korr11mars-page-001-scaled.jpg?resize=1448%2C2048&amp;ssl=1 1448w, https:\/\/i0.wp.com\/media.svariks.se\/2021\/05\/Lisetten1_21-korr11mars-page-001-scaled.jpg?resize=300%2C424&amp;ssl=1 300w, https:\/\/i0.wp.com\/media.svariks.se\/2021\/05\/Lisetten1_21-korr11mars-page-001-scaled.jpg?w=1810&amp;ssl=1 1810w\" sizes=\"auto, (max-width: 212px) 100vw, 212px\" \/><\/figure><\/div>\n\n\n\n<p>F\u00f6rbundets medlemstidning Lisetten \u00e4r ett spr\u00e5kr\u00f6r f\u00f6r forskning och pedagogik och ger en inblick i det dagliga arbetet med modersm\u00e5let, svenska som andraspr\u00e5k och flerspr\u00e5kiga elevers kunskapsutveckling. Tidningen utkommer med 4 nummer per \u00e5r.<\/p>\n\n\n\n<p>Sedan 2013 har varje nummer av Lisetten ett tema. Aktuellt tema, manusstopp och utgivningsdatum hittar du i <a href=\"https:\/\/svariks.se\/?page_id=176\">utgivningsplanen<\/a>.<\/p>\n\n\n\n<p><strong>Vill du prenumerera?<\/strong> <a href=\"https:\/\/svariks.se\/?page_id=7\">L\u00e4s mer h\u00e4r!<\/a><\/p>\n","protected":false},"excerpt":{"rendered":"<p>F\u00f6rbundets medlemstidning Lisetten \u00e4r ett spr\u00e5kr\u00f6r f\u00f6r forskning och pedagogik och ger en inblick i det dagliga arbetet med modersm\u00e5let, svenska som andraspr\u00e5k och flerspr\u00e5kiga elevers kunskapsutveckling. Tidningen utkommer med 4 nummer per \u00e5r. Sedan 2013 har varje nummer av Lisetten ett tema. Aktuellt tema, manusstopp och utgivningsdatum hittar du i utgivningsplanen. Vill du prenumerera? [&hellip;]<\/p>\n","protected":false},"author":2,"featured_media":0,"parent":0,"menu_order":2,"comment_status":"closed","ping_status":"closed","template":"","meta":{"footnotes":""},"class_list":["post-9","page","type-page","status-publish","hentry"],"jetpack_sharing_enabled":true,"jetpack_shortlink":"https:\/\/wp.me\/Pap6AT-9","jetpack-related-posts":[{"id":102,"url":"https:\/\/svariks.se\/?page_id=102","url_meta":{"origin":9,"position":0},"title":"K\u00f6p l\u00f6snummer","author":"Svariks","date":"januari 19, 2014","format":false,"excerpt":"Lisettens temanummer \u00e4r\u00a0mycket uppskattade och kan med f\u00f6rdel anv\u00e4ndas som underlag f\u00f6r studiedagar i arbetslaget, p\u00e5 l\u00e4rarutbildningar och av beslutsfattare inom skola och utbildning. Best\u00e4ll fler nummer av tidningen genom att markera vilket nummer du vill l\u00e4sa. Tillg\u00e4ngliga nummer listas l\u00e4ngre ner p\u00e5 sidan. L\u00f6snummerpris Lisetten40 kr\/st Kostnad f\u00f6r porto\u2026","rel":"","context":"Liknande inl\u00e4gg","block_context":{"text":"Liknande inl\u00e4gg","link":""},"img":{"alt_text":"","src":"https:\/\/i0.wp.com\/media.svariks.se\/2019\/01\/000-213x300.jpg?resize=350%2C200","width":350,"height":200},"classes":[]},{"id":173,"url":"https:\/\/svariks.se\/?page_id=173","url_meta":{"origin":9,"position":1},"title":"Riktlinjer till skribenter","author":"Annelie","date":"april 13, 2014","format":false,"excerpt":"Fyra g\u00e5nger per \u00e5r utkommer Riksf\u00f6rbundet l\u00e4rare i svenska som andraspr\u00e5ks medlemstidning Lisetten. \u00a0\u00a0\u00a0Varje nummer har ett tema, n\u00e5gra fasta avdelningar och enstaka frist\u00e5ende artiklar. Vill du vara med och skriva? H\u00f6r av dig till oss p\u00e5 redaktion@svariks.se Skrivanvisningar\u00a0T\u00e4nk p\u00e5 att v\u00e5ra l\u00e4sare fr\u00e4mst \u00e4r l\u00e4rare i svenska som andraspr\u00e5k.\u2026","rel":"","context":"Liknande inl\u00e4gg","block_context":{"text":"Liknande inl\u00e4gg","link":""},"img":{"alt_text":"","src":"","width":0,"height":0},"classes":[]},{"id":92,"url":"https:\/\/svariks.se\/?page_id=92","url_meta":{"origin":9,"position":2},"title":"Redaktion","author":"Annelie","date":"januari 19, 2014","format":false,"excerpt":"Nedan finner du kontaktuppgifter till redaktionen f\u00f6r tidningen Lisetten. Om du har f\u00f6rslag p\u00e5 inneh\u00e5ller eller vill medverka i tidningen, h\u00f6r g\u00e4rna av dig till Lisettens redaktion! Vid fr\u00e5gor om leverans, fakturering och prenumerationer ska du ist\u00e4llet kontakta kass\u00f6r\/medlemsregisteransvarig via e-post info@svariks.se Redaktion Redaktionen n\u00e5s enklast via e-post redaktion@svariks.se Annonsansvarig\u2026","rel":"","context":"Liknande inl\u00e4gg","block_context":{"text":"Liknande inl\u00e4gg","link":""},"img":{"alt_text":"","src":"","width":0,"height":0},"classes":[]},{"id":176,"url":"https:\/\/svariks.se\/?page_id=176","url_meta":{"origin":9,"position":3},"title":"Teman och utgivningsplan f\u00f6r Lisetten 2025","author":"Annelie","date":"april 13, 2014","format":false,"excerpt":"Riktlinjer till skribenter Vill du skriva i Lisetten 2025?Vi som skriver texter i Lisetten \u00e4r l\u00e4rare i svenska som andraspr\u00e5k. H\u00e4r finns plats f\u00f6r ber\u00e4ttelser fr\u00e5n klassrummet, funderingar \u00f6ver det som \u00e4r sv\u00e5rt och \u00e5sikter om vad som borde f\u00f6r\u00e4ndras.\u00a0\u00a0\u00a0Har du n\u00e5got att dela med dig av? Bli inspirerad av\u2026","rel":"","context":"Liknande inl\u00e4gg","block_context":{"text":"Liknande inl\u00e4gg","link":""},"img":{"alt_text":"","src":"https:\/\/i0.wp.com\/media.svariks.se\/2025\/09\/image.png?resize=350%2C200&ssl=1","width":350,"height":200,"srcset":"https:\/\/i0.wp.com\/media.svariks.se\/2025\/09\/image.png?resize=350%2C200&ssl=1 1x, https:\/\/i0.wp.com\/media.svariks.se\/2025\/09\/image.png?resize=525%2C300&ssl=1 1.5x, https:\/\/i0.wp.com\/media.svariks.se\/2025\/09\/image.png?resize=700%2C400&ssl=1 2x, https:\/\/i0.wp.com\/media.svariks.se\/2025\/09\/image.png?resize=1050%2C600&ssl=1 3x"},"classes":[]},{"id":85,"url":"https:\/\/svariks.se\/?page_id=85","url_meta":{"origin":9,"position":4},"title":"Prenumeration","author":"Annelie","date":"januari 19, 2014","format":false,"excerpt":"Hej! Vad kul att du \u00e4r intresserad av att prenumerera p\u00e5 Lisetten! F\u00f6r mer information om hur du startar en prenumeration och \/eller blir medlem i SVARIKS, klicka H\u00c4R!","rel":"","context":"Med 2 kommentarer","block_context":{"text":"Med 2 kommentarer","link":"https:\/\/svariks.se\/?page_id=85#comments"},"img":{"alt_text":"","src":"","width":0,"height":0},"classes":[]},{"id":20,"url":"https:\/\/svariks.se\/?page_id=20","url_meta":{"origin":9,"position":5},"title":"Annonser","author":"Annelie","date":"januari 1, 2014","format":false,"excerpt":"Vill du och ditt f\u00f6retag n\u00e5 l\u00e4rare i svenska som andraspr\u00e5k och andra som \u00e4r intresserade av skolutveckling, flerspr\u00e5kighet och andraspr\u00e5ksundervisning? D\u00e5 kan du annonsera i Lisetten. F\u00f6r bokning av annons eller ytterligare information, kontakta annonsbokningen.\u00a0","rel":"","context":"Liknande inl\u00e4gg","block_context":{"text":"Liknande inl\u00e4gg","link":""},"img":{"alt_text":"","src":"","width":0,"height":0},"classes":[]}],"jetpack_likes_enabled":true,"_links":{"self":[{"href":"https:\/\/svariks.se\/index.php?rest_route=\/wp\/v2\/pages\/9","targetHints":{"allow":["GET"]}}],"collection":[{"href":"https:\/\/svariks.se\/index.php?rest_route=\/wp\/v2\/pages"}],"about":[{"href":"https:\/\/svariks.se\/index.php?rest_route=\/wp\/v2\/types\/page"}],"author":[{"embeddable":true,"href":"https:\/\/svariks.se\/index.php?rest_route=\/wp\/v2\/users\/2"}],"replies":[{"embeddable":true,"href":"https:\/\/svariks.se\/index.php?rest_route=%2Fwp%2Fv2%2Fcomments&post=9"}],"version-history":[{"count":8,"href":"https:\/\/svariks.se\/index.php?rest_route=\/wp\/v2\/pages\/9\/revisions"}],"predecessor-version":[{"id":5108,"href":"https:\/\/svariks.se\/index.php?rest_route=\/wp\/v2\/pages\/9\/revisions\/5108"}],"wp:attachment":[{"href":"https:\/\/svariks.se\/index.php?rest_route=%2Fwp%2Fv2%2Fmedia&parent=9"}],"curies":[{"name":"wp","href":"https:\/\/api.w.org\/{rel}","templated":true}]}}