    {"id":85,"date":"2014-01-19T16:21:41","date_gmt":"2014-01-19T16:21:41","guid":{"rendered":"http:\/\/lisariks.wordpress.com\/?page_id=85"},"modified":"2020-03-05T19:34:31","modified_gmt":"2020-03-05T19:34:31","slug":"prenumeration","status":"publish","type":"page","link":"https:\/\/svariks.se\/?page_id=85","title":{"rendered":"Prenumeration"},"content":{"rendered":"\n<p>Hej! <\/p>\n\n\n\n<p>Vad kul att du \u00e4r intresserad av att prenumerera p\u00e5 Lisetten! <\/p>\n\n\n\n<p>F\u00f6r mer information om hur du startar en prenumeration och \/eller blir medlem i SVARIKS, klicka <a href=\"https:\/\/svariks.se\/?page_id=7\">H\u00c4R<\/a>!<\/p>\n","protected":false},"excerpt":{"rendered":"<p>Hej! Vad kul att du \u00e4r intresserad av att prenumerera p\u00e5 Lisetten! F\u00f6r mer information om hur du startar en prenumeration och \/eller blir medlem i SVARIKS, klicka H\u00c4R!<\/p>\n","protected":false},"author":2,"featured_media":0,"parent":9,"menu_order":0,"comment_status":"open","ping_status":"closed","template":"","meta":{"jetpack_post_was_ever_published":false,"footnotes":""},"class_list":["post-85","page","type-page","status-publish","hentry"],"jetpack_sharing_enabled":true,"jetpack_shortlink":"https:\/\/wp.me\/Pap6AT-1n","jetpack-related-posts":[{"id":7,"url":"https:\/\/svariks.se\/?page_id=7","url_meta":{"origin":85,"position":0},"title":"Medlemskap","author":"Annelie","date":"januari 1, 2014","format":false,"excerpt":"Som medlem i SVARIKS f\u00e5r du v\u00e5r tidning Lisetten 4 g\u00e5nger per \u00e5r. Medlemskapet str\u00e4cker sig fr\u00e5n\u00a0januari till december.\u00a0\u00a0Blir du medlem under perioden oktober till december g\u00e4ller ditt medlemsskap \u00e4ven f\u00f6r kommande \u00e5r! H\u00e5ll ocks\u00e5 koll p\u00e5 v\u00e5ra digitala kanaler f\u00f6r information om event, f\u00f6rel\u00e4sningar eller annat sp\u00e4nnande fr\u00e5n SVA-v\u00e4rlden!\u2026","rel":"","context":"Liknande inl\u00e4gg","block_context":{"text":"Liknande inl\u00e4gg","link":""},"img":{"alt_text":"","src":"","width":0,"height":0},"classes":[]},{"id":173,"url":"https:\/\/svariks.se\/?page_id=173","url_meta":{"origin":85,"position":1},"title":"Riktlinjer till skribenter","author":"Annelie","date":"april 13, 2014","format":false,"excerpt":"Fyra g\u00e5nger per \u00e5r utkommer Riksf\u00f6rbundet l\u00e4rare i svenska som andraspr\u00e5ks medlemstidning Lisetten. \u00a0\u00a0\u00a0Varje nummer har ett tema, n\u00e5gra fasta avdelningar och enstaka frist\u00e5ende artiklar. Vill du vara med och skriva? H\u00f6r av dig till oss p\u00e5 redaktion@svariks.se Skrivanvisningar\u00a0T\u00e4nk p\u00e5 att v\u00e5ra l\u00e4sare fr\u00e4mst \u00e4r l\u00e4rare i svenska som andraspr\u00e5k.\u2026","rel":"","context":"Liknande inl\u00e4gg","block_context":{"text":"Liknande inl\u00e4gg","link":""},"img":{"alt_text":"","src":"","width":0,"height":0},"classes":[]},{"id":111,"url":"https:\/\/svariks.se\/?page_id=111","url_meta":{"origin":85,"position":2},"title":"Valberedning och revisor","author":"Annelie","date":"januari 19, 2014","format":false,"excerpt":"SVARIKS \u00a0har en revisor och en revisorssuppleant som granskar verksamheten och ekonomin varje \u00e5r. Revisor f\u00f6r verksamhets\u00e5ret 2025 \u00e4r Annika Vonk. Valberedningen best\u00e5r av tv\u00e5 personer. Valberedning inf\u00f6r \u00e5rsm\u00f6tet 2026 \u00e4r Thomas Nicholas och Annsofie Engborg (Th\u00f6rnroth). Arbetet p\u00e5g\u00e5r kontinuerligt under \u00e5ret och om du \u00e4r intresserad av att delta\u2026","rel":"","context":"Liknande inl\u00e4gg","block_context":{"text":"Liknande inl\u00e4gg","link":""},"img":{"alt_text":"","src":"","width":0,"height":0},"classes":[]},{"id":176,"url":"https:\/\/svariks.se\/?page_id=176","url_meta":{"origin":85,"position":3},"title":"Teman och utgivningsplan f\u00f6r Lisetten 2025","author":"Annelie","date":"april 13, 2014","format":false,"excerpt":"Riktlinjer till skribenter Vill du skriva i Lisetten 2025?Vi som skriver texter i Lisetten \u00e4r l\u00e4rare i svenska som andraspr\u00e5k. H\u00e4r finns plats f\u00f6r ber\u00e4ttelser fr\u00e5n klassrummet, funderingar \u00f6ver det som \u00e4r sv\u00e5rt och \u00e5sikter om vad som borde f\u00f6r\u00e4ndras.\u00a0\u00a0\u00a0Har du n\u00e5got att dela med dig av? Bli inspirerad av\u2026","rel":"","context":"Liknande inl\u00e4gg","block_context":{"text":"Liknande inl\u00e4gg","link":""},"img":{"alt_text":"","src":"https:\/\/i0.wp.com\/media.svariks.se\/2025\/09\/image.png?resize=350%2C200&ssl=1","width":350,"height":200,"srcset":"https:\/\/i0.wp.com\/media.svariks.se\/2025\/09\/image.png?resize=350%2C200&ssl=1 1x, https:\/\/i0.wp.com\/media.svariks.se\/2025\/09\/image.png?resize=525%2C300&ssl=1 1.5x, https:\/\/i0.wp.com\/media.svariks.se\/2025\/09\/image.png?resize=700%2C400&ssl=1 2x, https:\/\/i0.wp.com\/media.svariks.se\/2025\/09\/image.png?resize=1050%2C600&ssl=1 3x"},"classes":[]},{"id":11,"url":"https:\/\/svariks.se\/?page_id=11","url_meta":{"origin":85,"position":4},"title":"Riksf\u00f6rbundet","author":"Annelie","date":"januari 1, 2014","format":false,"excerpt":"Riksf\u00f6rbundet l\u00e4rare i svenska som andraspr\u00e5ks (SVARIKS) uppgifter \u00e4r att arbeta f\u00f6r \u00e4mnet svenska som andraspr\u00e5k, dess st\u00e4llning och utveckling i svenskt utbildningsv\u00e4sende, att verka f\u00f6r en adekvat l\u00e4rarutbildning, kompletteringsutbildning och fortbildning i \u00e4mnet svenska som andraspr\u00e5k, att verka f\u00f6r att m\u00e5let tv\u00e5spr\u00e5kighet uppfylls och att vara ett forum f\u00f6r\u2026","rel":"","context":"Liknande inl\u00e4gg","block_context":{"text":"Liknande inl\u00e4gg","link":""},"img":{"alt_text":"","src":"","width":0,"height":0},"classes":[]},{"id":102,"url":"https:\/\/svariks.se\/?page_id=102","url_meta":{"origin":85,"position":5},"title":"K\u00f6p l\u00f6snummer","author":"Svariks","date":"januari 19, 2014","format":false,"excerpt":"Lisettens temanummer \u00e4r\u00a0mycket uppskattade och kan med f\u00f6rdel anv\u00e4ndas som underlag f\u00f6r studiedagar i arbetslaget, p\u00e5 l\u00e4rarutbildningar och av beslutsfattare inom skola och utbildning. Best\u00e4ll fler nummer av tidningen genom att markera vilket nummer du vill l\u00e4sa. Tillg\u00e4ngliga nummer listas l\u00e4ngre ner p\u00e5 sidan. L\u00f6snummerpris Lisetten40 kr\/st Kostnad f\u00f6r porto\u2026","rel":"","context":"Liknande inl\u00e4gg","block_context":{"text":"Liknande inl\u00e4gg","link":""},"img":{"alt_text":"","src":"https:\/\/i0.wp.com\/media.svariks.se\/2019\/01\/000-213x300.jpg?resize=350%2C200","width":350,"height":200},"classes":[]}],"jetpack_likes_enabled":true,"_links":{"self":[{"href":"https:\/\/svariks.se\/index.php?rest_route=\/wp\/v2\/pages\/85","targetHints":{"allow":["GET"]}}],"collection":[{"href":"https:\/\/svariks.se\/index.php?rest_route=\/wp\/v2\/pages"}],"about":[{"href":"https:\/\/svariks.se\/index.php?rest_route=\/wp\/v2\/types\/page"}],"author":[{"embeddable":true,"href":"https:\/\/svariks.se\/index.php?rest_route=\/wp\/v2\/users\/2"}],"replies":[{"embeddable":true,"href":"https:\/\/svariks.se\/index.php?rest_route=%2Fwp%2Fv2%2Fcomments&post=85"}],"version-history":[{"count":4,"href":"https:\/\/svariks.se\/index.php?rest_route=\/wp\/v2\/pages\/85\/revisions"}],"predecessor-version":[{"id":4539,"href":"https:\/\/svariks.se\/index.php?rest_route=\/wp\/v2\/pages\/85\/revisions\/4539"}],"up":[{"embeddable":true,"href":"https:\/\/svariks.se\/index.php?rest_route=\/wp\/v2\/pages\/9"}],"wp:attachment":[{"href":"https:\/\/svariks.se\/index.php?rest_route=%2Fwp%2Fv2%2Fmedia&parent=85"}],"curies":[{"name":"wp","href":"https:\/\/api.w.org\/{rel}","templated":true}]}}