    {"id":5621,"date":"2024-02-06T16:35:16","date_gmt":"2024-02-06T16:35:16","guid":{"rendered":"https:\/\/svariks.se\/?page_id=5621"},"modified":"2024-02-27T19:50:56","modified_gmt":"2024-02-27T19:50:56","slug":"arsmote-2024","status":"publish","type":"page","link":"https:\/\/svariks.se\/?page_id=5621","title":{"rendered":"\u00c5rsm\u00f6te 2024"},"content":{"rendered":"\n<figure class=\"wp-block-image size-full\"><img data-recalc-dims=\"1\" loading=\"lazy\" decoding=\"async\" width=\"681\" height=\"486\" data-attachment-id=\"5622\" data-permalink=\"https:\/\/svariks.se\/?attachment_id=5622\" data-orig-file=\"https:\/\/i0.wp.com\/media.svariks.se\/2024\/02\/arsmote2024.png?fit=681%2C486&amp;ssl=1\" data-orig-size=\"681,486\" data-comments-opened=\"0\" data-image-meta=\"{&quot;aperture&quot;:&quot;0&quot;,&quot;credit&quot;:&quot;&quot;,&quot;camera&quot;:&quot;&quot;,&quot;caption&quot;:&quot;&quot;,&quot;created_timestamp&quot;:&quot;0&quot;,&quot;copyright&quot;:&quot;&quot;,&quot;focal_length&quot;:&quot;0&quot;,&quot;iso&quot;:&quot;0&quot;,&quot;shutter_speed&quot;:&quot;0&quot;,&quot;title&quot;:&quot;&quot;,&quot;orientation&quot;:&quot;0&quot;}\" data-image-title=\"arsmote2024\" data-image-description=\"\" data-image-caption=\"\" data-large-file=\"https:\/\/i0.wp.com\/media.svariks.se\/2024\/02\/arsmote2024.png?fit=681%2C486&amp;ssl=1\" src=\"https:\/\/i0.wp.com\/media.svariks.se\/2024\/02\/arsmote2024.png?resize=681%2C486&#038;ssl=1\" alt=\"\" class=\"wp-image-5622\" srcset=\"https:\/\/i0.wp.com\/media.svariks.se\/2024\/02\/arsmote2024.png?w=681&amp;ssl=1 681w, https:\/\/i0.wp.com\/media.svariks.se\/2024\/02\/arsmote2024.png?resize=300%2C214&amp;ssl=1 300w\" sizes=\"auto, (max-width: 681px) 100vw, 681px\" \/><\/figure>\n\n\n\n<div class=\"wp-block-file\"><a id=\"wp-block-file--media-e0c9b0b8-ffc4-40c2-8b87-60012425775f\" href=\"https:\/\/media.svariks.se\/2024\/02\/Arsberattelse-2023.docx\">Arsberattelse-2023<\/a><a href=\"https:\/\/media.svariks.se\/2024\/02\/Arsberattelse-2023.docx\" class=\"wp-block-file__button wp-element-button\" download aria-describedby=\"wp-block-file--media-e0c9b0b8-ffc4-40c2-8b87-60012425775f\">Ladda ner<\/a><\/div>\n\n\n\n<div class=\"wp-block-file\"><a id=\"wp-block-file--media-a46ac9e8-0131-4bb1-8def-4a8078e9c7f1\" href=\"https:\/\/media.svariks.se\/2024\/02\/Verksamhetsplan-for-Svariks-2024.docx\">Verksamhetsplan-for-Svariks-2024<\/a><a href=\"https:\/\/media.svariks.se\/2024\/02\/Verksamhetsplan-for-Svariks-2024.docx\" class=\"wp-block-file__button wp-element-button\" download aria-describedby=\"wp-block-file--media-a46ac9e8-0131-4bb1-8def-4a8078e9c7f1\">Ladda ner<\/a><\/div>\n\n\n\n<div data-wp-interactive=\"core\/file\" class=\"wp-block-file\"><object data-wp-bind--hidden=\"!state.hasPdfPreview\" hidden class=\"wp-block-file__embed\" data=\"https:\/\/media.svariks.se\/2024\/02\/Revisionsberattelse-SVARIKS-2023-signerad.pdf\" type=\"application\/pdf\" style=\"width:100%;height:600px\" aria-label=\"Inb\u00e4ddning av Revisionsberattelse-SVARIKS-2023-signerad.\"><\/object><a id=\"wp-block-file--media-79ad30b3-2540-454f-97fc-4097643fd1a5\" href=\"https:\/\/media.svariks.se\/2024\/02\/Revisionsberattelse-SVARIKS-2023-signerad.pdf\">Revisionsberattelse-SVARIKS-2023-signerad<\/a><a href=\"https:\/\/media.svariks.se\/2024\/02\/Revisionsberattelse-SVARIKS-2023-signerad.pdf\" class=\"wp-block-file__button wp-element-button\" download aria-describedby=\"wp-block-file--media-79ad30b3-2540-454f-97fc-4097643fd1a5\">Ladda ner<\/a><\/div>\n\n\n\n<div data-wp-interactive=\"core\/file\" class=\"wp-block-file\"><object data-wp-bind--hidden=\"!state.hasPdfPreview\" hidden class=\"wp-block-file__embed\" data=\"https:\/\/media.svariks.se\/2024\/02\/Revisionsberattelse-SVARIKS-2023-signerad-1.pdf\" type=\"application\/pdf\" style=\"width:100%;height:600px\" aria-label=\"Inb\u00e4ddning av Revisionsberattelse-SVARIKS-2023-signerad-1.\"><\/object><a id=\"wp-block-file--media-a7642b67-91ad-4c8d-8773-08441a9572f4\" href=\"https:\/\/media.svariks.se\/2024\/02\/Revisionsberattelse-SVARIKS-2023-signerad-1.pdf\">Revisionsberattelse-SVARIKS-2023-signerad-1<\/a><a href=\"https:\/\/media.svariks.se\/2024\/02\/Revisionsberattelse-SVARIKS-2023-signerad-1.pdf\" class=\"wp-block-file__button wp-element-button\" download aria-describedby=\"wp-block-file--media-a7642b67-91ad-4c8d-8773-08441a9572f4\">Ladda ner<\/a><\/div>\n\n\n\n<div class=\"wp-block-file\"><a id=\"wp-block-file--media-2e9c4bc9-3e89-44c1-965e-3dea635700b3\" href=\"https:\/\/media.svariks.se\/2024\/02\/Dagordning-arsmotet.docx\">Dagordning-arsmotet<\/a><a href=\"https:\/\/media.svariks.se\/2024\/02\/Dagordning-arsmotet.docx\" class=\"wp-block-file__button wp-element-button\" download aria-describedby=\"wp-block-file--media-2e9c4bc9-3e89-44c1-965e-3dea635700b3\">Ladda ner<\/a><\/div>\n\n\n\n\n\n\n\n\n\n\n\n\n\n\n\n\n\n\n\n\n\n\n\n\n\n\n\n\n\n\n\n\n","protected":false},"excerpt":{"rendered":"","protected":false},"author":1,"featured_media":0,"parent":0,"menu_order":0,"comment_status":"closed","ping_status":"closed","template":"","meta":{"jetpack_post_was_ever_published":false,"footnotes":""},"class_list":["post-5621","page","type-page","status-publish","hentry"],"jetpack_sharing_enabled":true,"jetpack_shortlink":"https:\/\/wp.me\/Pap6AT-1sF","jetpack-related-posts":[{"id":233,"url":"https:\/\/svariks.se\/?page_id=233","url_meta":{"origin":5621,"position":0},"title":"Protokoll \u00e5rsm\u00f6ten","author":"Annelie","date":"april 28, 2014","format":false,"excerpt":"\u00a0 H\u00e4r publicerar vi protokoll fr\u00e5n SVARIKS \u00e5rsm\u00f6ten. \u00c5rsm\u00f6te 2025 \u00c5rsm\u00f6te 2024 \u00c5rsm\u00f6te 2020 \u00c5rsm\u00f6te 2019 \u00c5rsm\u00f6te 2018 \u00c5rsm\u00f6te 2017 \u00c5rsm\u00f6te 2016 A\u030arsmo\u0308te 2015 \u00c5rsm\u00f6te 2014 \u00c5rsmo\u0308te 2013 \u00c5rsmo\u0308te 2012 A\u030arsmo\u0308te 2011 \u00c5rsmo\u0308te 2010","rel":"","context":"Liknande inl\u00e4gg","block_context":{"text":"Liknande inl\u00e4gg","link":""},"img":{"alt_text":"monicaordf\u00f6rande","src":"https:\/\/i0.wp.com\/media.svariks.se\/2014\/04\/monicaordfc3b6rande.jpg?resize=350%2C200","width":350,"height":200},"classes":[]},{"id":5803,"url":"https:\/\/svariks.se\/?page_id=5803","url_meta":{"origin":5621,"position":1},"title":"\u00c5rsm\u00f6te 2025","author":"Svariks","date":"mars 15, 2025","format":false,"excerpt":"\u00c5rsm\u00f6teshandlingar skickas i mejl till v\u00e5ra medlemmar. Vid fr\u00e5gor, kontakta info@svariks.se.","rel":"","context":"Liknande inl\u00e4gg","block_context":{"text":"Liknande inl\u00e4gg","link":""},"img":{"alt_text":"","src":"https:\/\/i0.wp.com\/media.svariks.se\/2025\/03\/image.png?resize=350%2C200&ssl=1","width":350,"height":200,"srcset":"https:\/\/i0.wp.com\/media.svariks.se\/2025\/03\/image.png?resize=350%2C200&ssl=1 1x, https:\/\/i0.wp.com\/media.svariks.se\/2025\/03\/image.png?resize=525%2C300&ssl=1 1.5x"},"classes":[]},{"id":68,"url":"https:\/\/svariks.se\/?page_id=68","url_meta":{"origin":5621,"position":2},"title":"Stadgar","author":"Annelie","date":"januari 1, 2014","format":false,"excerpt":"Stadgarna reviderade vid \u00e5rsm\u00f6tet 2018-04-14 och fastst\u00e4llda vid extra \u00e5rsm\u00f6te 2018-10-10. \u00a7 1 Organisationens namn Organisationens namn \u00e4r Riksf\u00f6rbundet l\u00e4rare i svenska som andraspr\u00e5k. \u00a7 2 Organisationens \u00e4ndam\u00e5l Riksf\u00f6rbundet l\u00e4rare i svenska som andraspr\u00e5k har som huvudsakligt syfte att verka f\u00f6r \u00e4mnet svenska som andraspr\u00e5k, dess st\u00e4llning och utveckling i\u2026","rel":"","context":"Liknande inl\u00e4gg","block_context":{"text":"Liknande inl\u00e4gg","link":""},"img":{"alt_text":"","src":"","width":0,"height":0},"classes":[]},{"id":111,"url":"https:\/\/svariks.se\/?page_id=111","url_meta":{"origin":5621,"position":3},"title":"Valberedning och revisor","author":"Annelie","date":"januari 19, 2014","format":false,"excerpt":"SVARIKS \u00a0har en revisor och en revisorssuppleant som granskar verksamheten och ekonomin varje \u00e5r. Revisor f\u00f6r verksamhets\u00e5ret 2025 \u00e4r Annika Vonk. Valberedningen best\u00e5r av tv\u00e5 personer. Valberedning inf\u00f6r \u00e5rsm\u00f6tet 2026 \u00e4r Thomas Nicholas och Annsofie Engborg (Th\u00f6rnroth). Arbetet p\u00e5g\u00e5r kontinuerligt under \u00e5ret och om du \u00e4r intresserad av att delta\u2026","rel":"","context":"Liknande inl\u00e4gg","block_context":{"text":"Liknande inl\u00e4gg","link":""},"img":{"alt_text":"","src":"","width":0,"height":0},"classes":[]},{"id":85,"url":"https:\/\/svariks.se\/?page_id=85","url_meta":{"origin":5621,"position":4},"title":"Prenumeration","author":"Annelie","date":"januari 19, 2014","format":false,"excerpt":"Hej! Vad kul att du \u00e4r intresserad av att prenumerera p\u00e5 Lisetten! F\u00f6r mer information om hur du startar en prenumeration och \/eller blir medlem i SVARIKS, klicka H\u00c4R!","rel":"","context":"Med 2 kommentarer","block_context":{"text":"Med 2 kommentarer","link":"https:\/\/svariks.se\/?page_id=85#comments"},"img":{"alt_text":"","src":"","width":0,"height":0},"classes":[]},{"id":5351,"url":"https:\/\/svariks.se\/?page_id=5351","url_meta":{"origin":5621,"position":5},"title":"Webbshop","author":"Svariks","date":"februari 18, 2022","format":false,"excerpt":"Svariks har nu en webbshop d\u00e4r du som medlem kan best\u00e4lla profilmaterial med riksf\u00f6rbundets fina logga p\u00e5. Klicka in er p\u00e5 den h\u00e4r l\u00e4nken och spana in utbudet! V\u00e4lj bland till exempel:muggart-shirtstr\u00f6jortygp\u00e5sarm\u00f6ssoroch mycket mer!","rel":"","context":"Liknande inl\u00e4gg","block_context":{"text":"Liknande inl\u00e4gg","link":""},"img":{"alt_text":"","src":"https:\/\/i0.wp.com\/media.svariks.se\/2022\/02\/svariksmugg.jpg?resize=350%2C200&ssl=1","width":350,"height":200,"srcset":"https:\/\/i0.wp.com\/media.svariks.se\/2022\/02\/svariksmugg.jpg?resize=350%2C200&ssl=1 1x, https:\/\/i0.wp.com\/media.svariks.se\/2022\/02\/svariksmugg.jpg?resize=525%2C300&ssl=1 1.5x, https:\/\/i0.wp.com\/media.svariks.se\/2022\/02\/svariksmugg.jpg?resize=700%2C400&ssl=1 2x, https:\/\/i0.wp.com\/media.svariks.se\/2022\/02\/svariksmugg.jpg?resize=1050%2C600&ssl=1 3x, https:\/\/i0.wp.com\/media.svariks.se\/2022\/02\/svariksmugg.jpg?resize=1400%2C800&ssl=1 4x"},"classes":[]}],"jetpack_likes_enabled":true,"_links":{"self":[{"href":"https:\/\/svariks.se\/index.php?rest_route=\/wp\/v2\/pages\/5621","targetHints":{"allow":["GET"]}}],"collection":[{"href":"https:\/\/svariks.se\/index.php?rest_route=\/wp\/v2\/pages"}],"about":[{"href":"https:\/\/svariks.se\/index.php?rest_route=\/wp\/v2\/types\/page"}],"author":[{"embeddable":true,"href":"https:\/\/svariks.se\/index.php?rest_route=\/wp\/v2\/users\/1"}],"replies":[{"embeddable":true,"href":"https:\/\/svariks.se\/index.php?rest_route=%2Fwp%2Fv2%2Fcomments&post=5621"}],"version-history":[{"count":2,"href":"https:\/\/svariks.se\/index.php?rest_route=\/wp\/v2\/pages\/5621\/revisions"}],"predecessor-version":[{"id":5640,"href":"https:\/\/svariks.se\/index.php?rest_route=\/wp\/v2\/pages\/5621\/revisions\/5640"}],"wp:attachment":[{"href":"https:\/\/svariks.se\/index.php?rest_route=%2Fwp%2Fv2%2Fmedia&parent=5621"}],"curies":[{"name":"wp","href":"https:\/\/api.w.org\/{rel}","templated":true}]}}