    {"id":15,"date":"2014-01-01T18:04:47","date_gmt":"2014-01-01T18:04:47","guid":{"rendered":"http:\/\/lisariks.wordpress.com\/?page_id=15"},"modified":"2025-09-19T18:29:53","modified_gmt":"2025-09-19T18:29:53","slug":"kontakta-oss","status":"publish","type":"page","link":"https:\/\/svariks.se\/?page_id=15","title":{"rendered":"Kontakt"},"content":{"rendered":"<p><strong>Ordf\u00f6rande: Annalena Svensson<\/strong><\/p>\n<p><strong>Medlemskap\/fakturor: <a href=\"mailto:medlem@svariks.se\">info@svariks.se<\/a><\/strong><\/p>\n<p><strong>Lisetten: <a href=\"mailto:redaktion@svariks.se\">redaktion@svariks.se<\/a><\/strong><\/p>\n<p><strong>Annonser: <a href=\"mailto:annonser@svariks.se\">info@svariks.se<\/a><\/strong><\/p>\n<p>Vi \u00e4r flera som hj\u00e4lps \u00e5t inom styrelsen. Vi n\u00e5s enklast via <a href=\"mailto:styrelse@svariks.se\">info@svariks.se<\/a><\/p>\n","protected":false},"excerpt":{"rendered":"<p>Ordf\u00f6rande: Annalena Svensson Medlemskap\/fakturor: info@svariks.se Lisetten: redaktion@svariks.se Annonser: info@svariks.se Vi \u00e4r flera som hj\u00e4lps \u00e5t inom styrelsen. Vi n\u00e5s enklast via info@svariks.se<\/p>\n","protected":false},"author":2,"featured_media":0,"parent":0,"menu_order":5,"comment_status":"open","ping_status":"closed","template":"","meta":{"footnotes":""},"class_list":["post-15","page","type-page","status-publish","hentry"],"jetpack_sharing_enabled":true,"jetpack_shortlink":"https:\/\/wp.me\/Pap6AT-f","jetpack-related-posts":[{"id":30,"url":"https:\/\/svariks.se\/?page_id=30","url_meta":{"origin":15,"position":0},"title":"Riksstyrelsen","author":"Annelie","date":"januari 1, 2014","format":false,"excerpt":"Riksstyrelsen 2025 best\u00e5r av f\u00f6ljande ledam\u00f6ter:\u00a0 Ordf\u00f6rande Annalena Svenssoninfo@svariks.se Ordinarie styrelsemedlemmar Cecilia Sanchez (sekreterare, vice ordf\u00f6rande)info@svariks.se\u00a0 redaktion@svariks.se Laura Plichta \u00a0(ledamot, sammankallande redaktionsr\u00e5det f\u00f6r Lisetten)redaktion@svariks.se Sori Rasti\u00a0(ledamot)info@svariks.se Selma Larsson (ledamot)redaktion@svariks.se \u00a0","rel":"","context":"Liknande inl\u00e4gg","block_context":{"text":"Liknande inl\u00e4gg","link":""},"img":{"alt_text":"","src":"","width":0,"height":0},"classes":[]},{"id":5803,"url":"https:\/\/svariks.se\/?page_id=5803","url_meta":{"origin":15,"position":1},"title":"\u00c5rsm\u00f6te 2025","author":"Svariks","date":"mars 15, 2025","format":false,"excerpt":"\u00c5rsm\u00f6teshandlingar skickas i mejl till v\u00e5ra medlemmar. Vid fr\u00e5gor, kontakta info@svariks.se.","rel":"","context":"Liknande inl\u00e4gg","block_context":{"text":"Liknande inl\u00e4gg","link":""},"img":{"alt_text":"","src":"https:\/\/i0.wp.com\/media.svariks.se\/2025\/03\/image.png?resize=350%2C200&ssl=1","width":350,"height":200,"srcset":"https:\/\/i0.wp.com\/media.svariks.se\/2025\/03\/image.png?resize=350%2C200&ssl=1 1x, https:\/\/i0.wp.com\/media.svariks.se\/2025\/03\/image.png?resize=525%2C300&ssl=1 1.5x"},"classes":[]},{"id":92,"url":"https:\/\/svariks.se\/?page_id=92","url_meta":{"origin":15,"position":2},"title":"Redaktion","author":"Annelie","date":"januari 19, 2014","format":false,"excerpt":"Nedan finner du kontaktuppgifter till redaktionen f\u00f6r tidningen Lisetten. Om du har f\u00f6rslag p\u00e5 inneh\u00e5ller eller vill medverka i tidningen, h\u00f6r g\u00e4rna av dig till Lisettens redaktion! Vid fr\u00e5gor om leverans, fakturering och prenumerationer ska du ist\u00e4llet kontakta kass\u00f6r\/medlemsregisteransvarig via e-post info@svariks.se Redaktion Redaktionen n\u00e5s enklast via e-post redaktion@svariks.se Annonsansvarig\u2026","rel":"","context":"Liknande inl\u00e4gg","block_context":{"text":"Liknande inl\u00e4gg","link":""},"img":{"alt_text":"","src":"","width":0,"height":0},"classes":[]},{"id":7,"url":"https:\/\/svariks.se\/?page_id=7","url_meta":{"origin":15,"position":3},"title":"Medlemskap","author":"Annelie","date":"januari 1, 2014","format":false,"excerpt":"Som medlem i SVARIKS f\u00e5r du v\u00e5r tidning Lisetten 4 g\u00e5nger per \u00e5r. Medlemskapet str\u00e4cker sig fr\u00e5n\u00a0januari till december.\u00a0\u00a0Blir du medlem under perioden oktober till december g\u00e4ller ditt medlemsskap \u00e4ven f\u00f6r kommande \u00e5r! H\u00e5ll ocks\u00e5 koll p\u00e5 v\u00e5ra digitala kanaler f\u00f6r information om event, f\u00f6rel\u00e4sningar eller annat sp\u00e4nnande fr\u00e5n SVA-v\u00e4rlden!\u2026","rel":"","context":"Liknande inl\u00e4gg","block_context":{"text":"Liknande inl\u00e4gg","link":""},"img":{"alt_text":"","src":"","width":0,"height":0},"classes":[]},{"id":233,"url":"https:\/\/svariks.se\/?page_id=233","url_meta":{"origin":15,"position":4},"title":"Protokoll \u00e5rsm\u00f6ten","author":"Annelie","date":"april 28, 2014","format":false,"excerpt":"\u00a0 H\u00e4r publicerar vi protokoll fr\u00e5n SVARIKS \u00e5rsm\u00f6ten. \u00c5rsm\u00f6te 2025 \u00c5rsm\u00f6te 2024 \u00c5rsm\u00f6te 2020 \u00c5rsm\u00f6te 2019 \u00c5rsm\u00f6te 2018 \u00c5rsm\u00f6te 2017 \u00c5rsm\u00f6te 2016 A\u030arsmo\u0308te 2015 \u00c5rsm\u00f6te 2014 \u00c5rsmo\u0308te 2013 \u00c5rsmo\u0308te 2012 A\u030arsmo\u0308te 2011 \u00c5rsmo\u0308te 2010","rel":"","context":"Liknande inl\u00e4gg","block_context":{"text":"Liknande inl\u00e4gg","link":""},"img":{"alt_text":"monicaordf\u00f6rande","src":"https:\/\/i0.wp.com\/media.svariks.se\/2014\/04\/monicaordfc3b6rande.jpg?resize=350%2C200","width":350,"height":200},"classes":[]},{"id":176,"url":"https:\/\/svariks.se\/?page_id=176","url_meta":{"origin":15,"position":5},"title":"Teman och utgivningsplan f\u00f6r Lisetten 2025","author":"Annelie","date":"april 13, 2014","format":false,"excerpt":"Riktlinjer till skribenter Vill du skriva i Lisetten 2025?Vi som skriver texter i Lisetten \u00e4r l\u00e4rare i svenska som andraspr\u00e5k. H\u00e4r finns plats f\u00f6r ber\u00e4ttelser fr\u00e5n klassrummet, funderingar \u00f6ver det som \u00e4r sv\u00e5rt och \u00e5sikter om vad som borde f\u00f6r\u00e4ndras.\u00a0\u00a0\u00a0Har du n\u00e5got att dela med dig av? Bli inspirerad av\u2026","rel":"","context":"Liknande inl\u00e4gg","block_context":{"text":"Liknande inl\u00e4gg","link":""},"img":{"alt_text":"","src":"https:\/\/i0.wp.com\/media.svariks.se\/2025\/09\/image.png?resize=350%2C200&ssl=1","width":350,"height":200,"srcset":"https:\/\/i0.wp.com\/media.svariks.se\/2025\/09\/image.png?resize=350%2C200&ssl=1 1x, https:\/\/i0.wp.com\/media.svariks.se\/2025\/09\/image.png?resize=525%2C300&ssl=1 1.5x, https:\/\/i0.wp.com\/media.svariks.se\/2025\/09\/image.png?resize=700%2C400&ssl=1 2x, https:\/\/i0.wp.com\/media.svariks.se\/2025\/09\/image.png?resize=1050%2C600&ssl=1 3x"},"classes":[]}],"jetpack_likes_enabled":true,"_links":{"self":[{"href":"https:\/\/svariks.se\/index.php?rest_route=\/wp\/v2\/pages\/15","targetHints":{"allow":["GET"]}}],"collection":[{"href":"https:\/\/svariks.se\/index.php?rest_route=\/wp\/v2\/pages"}],"about":[{"href":"https:\/\/svariks.se\/index.php?rest_route=\/wp\/v2\/types\/page"}],"author":[{"embeddable":true,"href":"https:\/\/svariks.se\/index.php?rest_route=\/wp\/v2\/users\/2"}],"replies":[{"embeddable":true,"href":"https:\/\/svariks.se\/index.php?rest_route=%2Fwp%2Fv2%2Fcomments&post=15"}],"version-history":[{"count":6,"href":"https:\/\/svariks.se\/index.php?rest_route=\/wp\/v2\/pages\/15\/revisions"}],"predecessor-version":[{"id":5866,"href":"https:\/\/svariks.se\/index.php?rest_route=\/wp\/v2\/pages\/15\/revisions\/5866"}],"wp:attachment":[{"href":"https:\/\/svariks.se\/index.php?rest_route=%2Fwp%2Fv2%2Fmedia&parent=15"}],"curies":[{"name":"wp","href":"https:\/\/api.w.org\/{rel}","templated":true}]}}