    {"id":111,"date":"2014-01-19T16:53:29","date_gmt":"2014-01-19T07:23:29","guid":{"rendered":"http:\/\/lisariks.wordpress.com\/?page_id=111"},"modified":"2025-09-19T18:28:10","modified_gmt":"2025-09-19T18:28:10","slug":"valberedning","status":"publish","type":"page","link":"https:\/\/svariks.se\/?page_id=111","title":{"rendered":"Valberedning och revisor"},"content":{"rendered":"<p>SVARIKS \u00a0har en revisor och en revisorssuppleant som granskar verksamheten och ekonomin varje \u00e5r. Revisor f\u00f6r verksamhets\u00e5ret 2025 \u00e4r Annika Vonk.<\/p>\n<p>Valberedningen best\u00e5r av tv\u00e5 personer. Valberedning inf\u00f6r \u00e5rsm\u00f6tet 2026 \u00e4r Thomas Nicholas och Annsofie Engborg (Th\u00f6rnroth). Arbetet p\u00e5g\u00e5r kontinuerligt under \u00e5ret och om du \u00e4r intresserad av att delta i SVARIKS arbete eller vill nominera n\u00e5gon till ett f\u00f6rtroendeuppdrag kan du kontakta n\u00e5gon av dem p\u00e5 e-post: <a href=\"mailto:valberedning@svariks.se\">valberedning@svariks.se<\/a><\/p>\n","protected":false},"excerpt":{"rendered":"<p>SVARIKS \u00a0har en revisor och en revisorssuppleant som granskar verksamheten och ekonomin varje \u00e5r. Revisor f\u00f6r verksamhets\u00e5ret 2025 \u00e4r Annika Vonk. Valberedningen best\u00e5r av tv\u00e5 personer. Valberedning inf\u00f6r \u00e5rsm\u00f6tet 2026 \u00e4r Thomas Nicholas och Annsofie Engborg (Th\u00f6rnroth). Arbetet p\u00e5g\u00e5r kontinuerligt under \u00e5ret och om du \u00e4r intresserad av att delta i SVARIKS arbete eller vill [&hellip;]<\/p>\n","protected":false},"author":2,"featured_media":0,"parent":11,"menu_order":2,"comment_status":"open","ping_status":"closed","template":"","meta":{"footnotes":""},"class_list":["post-111","page","type-page","status-publish","hentry"],"jetpack_sharing_enabled":true,"jetpack_shortlink":"https:\/\/wp.me\/Pap6AT-1N","jetpack-related-posts":[{"id":68,"url":"https:\/\/svariks.se\/?page_id=68","url_meta":{"origin":111,"position":0},"title":"Stadgar","author":"Annelie","date":"januari 1, 2014","format":false,"excerpt":"Stadgarna reviderade vid \u00e5rsm\u00f6tet 2018-04-14 och fastst\u00e4llda vid extra \u00e5rsm\u00f6te 2018-10-10. \u00a7 1 Organisationens namn Organisationens namn \u00e4r Riksf\u00f6rbundet l\u00e4rare i svenska som andraspr\u00e5k. \u00a7 2 Organisationens \u00e4ndam\u00e5l Riksf\u00f6rbundet l\u00e4rare i svenska som andraspr\u00e5k har som huvudsakligt syfte att verka f\u00f6r \u00e4mnet svenska som andraspr\u00e5k, dess st\u00e4llning och utveckling i\u2026","rel":"","context":"Liknande inl\u00e4gg","block_context":{"text":"Liknande inl\u00e4gg","link":""},"img":{"alt_text":"","src":"","width":0,"height":0},"classes":[]},{"id":7,"url":"https:\/\/svariks.se\/?page_id=7","url_meta":{"origin":111,"position":1},"title":"Medlemskap","author":"Annelie","date":"januari 1, 2014","format":false,"excerpt":"Som medlem i SVARIKS f\u00e5r du v\u00e5r tidning Lisetten 4 g\u00e5nger per \u00e5r. Medlemskapet str\u00e4cker sig fr\u00e5n\u00a0januari till december.\u00a0\u00a0Blir du medlem under perioden oktober till december g\u00e4ller ditt medlemsskap \u00e4ven f\u00f6r kommande \u00e5r! H\u00e5ll ocks\u00e5 koll p\u00e5 v\u00e5ra digitala kanaler f\u00f6r information om event, f\u00f6rel\u00e4sningar eller annat sp\u00e4nnande fr\u00e5n SVA-v\u00e4rlden!\u2026","rel":"","context":"Liknande inl\u00e4gg","block_context":{"text":"Liknande inl\u00e4gg","link":""},"img":{"alt_text":"","src":"","width":0,"height":0},"classes":[]},{"id":85,"url":"https:\/\/svariks.se\/?page_id=85","url_meta":{"origin":111,"position":2},"title":"Prenumeration","author":"Annelie","date":"januari 19, 2014","format":false,"excerpt":"Hej! Vad kul att du \u00e4r intresserad av att prenumerera p\u00e5 Lisetten! F\u00f6r mer information om hur du startar en prenumeration och \/eller blir medlem i SVARIKS, klicka H\u00c4R!","rel":"","context":"Med 2 kommentarer","block_context":{"text":"Med 2 kommentarer","link":"https:\/\/svariks.se\/?page_id=85#comments"},"img":{"alt_text":"","src":"","width":0,"height":0},"classes":[]},{"id":20,"url":"https:\/\/svariks.se\/?page_id=20","url_meta":{"origin":111,"position":3},"title":"Annonser","author":"Annelie","date":"januari 1, 2014","format":false,"excerpt":"Vill du och ditt f\u00f6retag n\u00e5 l\u00e4rare i svenska som andraspr\u00e5k och andra som \u00e4r intresserade av skolutveckling, flerspr\u00e5kighet och andraspr\u00e5ksundervisning? D\u00e5 kan du annonsera i Lisetten. F\u00f6r bokning av annons eller ytterligare information, kontakta annonsbokningen.\u00a0","rel":"","context":"Liknande inl\u00e4gg","block_context":{"text":"Liknande inl\u00e4gg","link":""},"img":{"alt_text":"","src":"","width":0,"height":0},"classes":[]},{"id":9,"url":"https:\/\/svariks.se\/?page_id=9","url_meta":{"origin":111,"position":4},"title":"Tidningen Lisetten","author":"Annelie","date":"januari 1, 2014","format":false,"excerpt":"F\u00f6rbundets medlemstidning Lisetten \u00e4r ett spr\u00e5kr\u00f6r f\u00f6r forskning och pedagogik och ger en inblick i det dagliga arbetet med modersm\u00e5let, svenska som andraspr\u00e5k och flerspr\u00e5kiga elevers kunskapsutveckling. Tidningen utkommer med 4 nummer per \u00e5r. Sedan 2013 har varje nummer av Lisetten ett tema. Aktuellt tema, manusstopp och utgivningsdatum hittar du\u2026","rel":"","context":"Liknande inl\u00e4gg","block_context":{"text":"Liknande inl\u00e4gg","link":""},"img":{"alt_text":"","src":"https:\/\/i0.wp.com\/media.svariks.se\/2021\/05\/Lisetten1_21-korr11mars-page-001-scaled.jpg?resize=350%2C200&ssl=1","width":350,"height":200,"srcset":"https:\/\/i0.wp.com\/media.svariks.se\/2021\/05\/Lisetten1_21-korr11mars-page-001-scaled.jpg?resize=350%2C200&ssl=1 1x, https:\/\/i0.wp.com\/media.svariks.se\/2021\/05\/Lisetten1_21-korr11mars-page-001-scaled.jpg?resize=525%2C300&ssl=1 1.5x, https:\/\/i0.wp.com\/media.svariks.se\/2021\/05\/Lisetten1_21-korr11mars-page-001-scaled.jpg?resize=700%2C400&ssl=1 2x, https:\/\/i0.wp.com\/media.svariks.se\/2021\/05\/Lisetten1_21-korr11mars-page-001-scaled.jpg?resize=1050%2C600&ssl=1 3x, https:\/\/i0.wp.com\/media.svariks.se\/2021\/05\/Lisetten1_21-korr11mars-page-001-scaled.jpg?resize=1400%2C800&ssl=1 4x"},"classes":[]},{"id":1278,"url":"https:\/\/svariks.se\/?page_id=1278","url_meta":{"origin":111,"position":5},"title":"V\u00e4lkommen!","author":"Annelie","date":"januari 1, 2014","format":false,"excerpt":"Riksf\u00f6rbundet l\u00e4rare i svenska som andraspr\u00e5k (SVARIKS) bildades 1989 och har tre lokalf\u00f6reningar. F\u00f6rbundets medlemmar finns och beh\u00f6vs i f\u00f6rskola, grundskola, gymnasieskola, inom vuxenutbildning och p\u00e5 h\u00f6gskola\/universitet. F\u00f6rbundets tidning LiSetten \u00e4r ett spr\u00e5kr\u00f6r f\u00f6r forskning och pedagogik. Den ger en inblick i det dagliga arbetet med svenska som andraspr\u00e5k, modersm\u00e5let\u2026","rel":"","context":"Liknande inl\u00e4gg","block_context":{"text":"Liknande inl\u00e4gg","link":""},"img":{"alt_text":"","src":"","width":0,"height":0},"classes":[]}],"jetpack_likes_enabled":true,"_links":{"self":[{"href":"https:\/\/svariks.se\/index.php?rest_route=\/wp\/v2\/pages\/111","targetHints":{"allow":["GET"]}}],"collection":[{"href":"https:\/\/svariks.se\/index.php?rest_route=\/wp\/v2\/pages"}],"about":[{"href":"https:\/\/svariks.se\/index.php?rest_route=\/wp\/v2\/types\/page"}],"author":[{"embeddable":true,"href":"https:\/\/svariks.se\/index.php?rest_route=\/wp\/v2\/users\/2"}],"replies":[{"embeddable":true,"href":"https:\/\/svariks.se\/index.php?rest_route=%2Fwp%2Fv2%2Fcomments&post=111"}],"version-history":[{"count":6,"href":"https:\/\/svariks.se\/index.php?rest_route=\/wp\/v2\/pages\/111\/revisions"}],"predecessor-version":[{"id":5865,"href":"https:\/\/svariks.se\/index.php?rest_route=\/wp\/v2\/pages\/111\/revisions\/5865"}],"up":[{"embeddable":true,"href":"https:\/\/svariks.se\/index.php?rest_route=\/wp\/v2\/pages\/11"}],"wp:attachment":[{"href":"https:\/\/svariks.se\/index.php?rest_route=%2Fwp%2Fv2%2Fmedia&parent=111"}],"curies":[{"name":"wp","href":"https:\/\/api.w.org\/{rel}","templated":true}]}}