    {"id":11,"date":"2014-01-01T18:03:45","date_gmt":"2014-01-01T18:03:45","guid":{"rendered":"http:\/\/lisariks.wordpress.com\/?page_id=11"},"modified":"2019-03-11T20:38:20","modified_gmt":"2019-03-11T20:38:20","slug":"riksforbundet","status":"publish","type":"page","link":"https:\/\/svariks.se\/?page_id=11","title":{"rendered":"Riksf\u00f6rbundet"},"content":{"rendered":"<p><strong>Riksf\u00f6rbundet l\u00e4rare i svenska som andraspr\u00e5ks (SVARIKS) uppgifter \u00e4r<\/strong><\/p>\n<ul>\n<li>att arbeta f\u00f6r \u00e4mnet svenska som andraspr\u00e5k, dess st\u00e4llning och utveckling i svenskt utbildningsv\u00e4sende,<\/li>\n<\/ul>\n<ul>\n<li>att verka f\u00f6r en adekvat l\u00e4rarutbildning, kompletteringsutbildning och fortbildning i \u00e4mnet svenska som andraspr\u00e5k,<\/li>\n<\/ul>\n<ul>\n<li>att verka f\u00f6r att m\u00e5let tv\u00e5spr\u00e5kighet uppfylls och<\/li>\n<\/ul>\n<ul>\n<li>att vara ett forum f\u00f6r samtliga l\u00e4rare i svenska som andraspr\u00e5k inom hela utbildningsv\u00e4sendet.<\/li>\n<\/ul>\n<p>Organisationsnummer: 802014-3338<\/p>\n","protected":false},"excerpt":{"rendered":"<p>Riksf\u00f6rbundet l\u00e4rare i svenska som andraspr\u00e5ks (SVARIKS) uppgifter \u00e4r att arbeta f\u00f6r \u00e4mnet svenska som andraspr\u00e5k, dess st\u00e4llning och utveckling i svenskt utbildningsv\u00e4sende, att verka f\u00f6r en adekvat l\u00e4rarutbildning, kompletteringsutbildning och fortbildning i \u00e4mnet svenska som andraspr\u00e5k, att verka f\u00f6r att m\u00e5let tv\u00e5spr\u00e5kighet uppfylls och att vara ett forum f\u00f6r samtliga l\u00e4rare i svenska som [&hellip;]<\/p>\n","protected":false},"author":2,"featured_media":0,"parent":0,"menu_order":3,"comment_status":"open","ping_status":"closed","template":"","meta":{"jetpack_post_was_ever_published":false,"footnotes":""},"class_list":["post-11","page","type-page","status-publish","hentry"],"jetpack_sharing_enabled":true,"jetpack_shortlink":"https:\/\/wp.me\/Pap6AT-b","jetpack-related-posts":[{"id":1278,"url":"https:\/\/svariks.se\/?page_id=1278","url_meta":{"origin":11,"position":0},"title":"V\u00e4lkommen!","author":"Annelie","date":"januari 1, 2014","format":false,"excerpt":"Riksf\u00f6rbundet l\u00e4rare i svenska som andraspr\u00e5k (SVARIKS) bildades 1989 och har tre lokalf\u00f6reningar. F\u00f6rbundets medlemmar finns och beh\u00f6vs i f\u00f6rskola, grundskola, gymnasieskola, inom vuxenutbildning och p\u00e5 h\u00f6gskola\/universitet. F\u00f6rbundets tidning LiSetten \u00e4r ett spr\u00e5kr\u00f6r f\u00f6r forskning och pedagogik. Den ger en inblick i det dagliga arbetet med svenska som andraspr\u00e5k, modersm\u00e5let\u2026","rel":"","context":"Liknande inl\u00e4gg","block_context":{"text":"Liknande inl\u00e4gg","link":""},"img":{"alt_text":"","src":"","width":0,"height":0},"classes":[]},{"id":68,"url":"https:\/\/svariks.se\/?page_id=68","url_meta":{"origin":11,"position":1},"title":"Stadgar","author":"Annelie","date":"januari 1, 2014","format":false,"excerpt":"Stadgarna reviderade vid \u00e5rsm\u00f6tet 2018-04-14 och fastst\u00e4llda vid extra \u00e5rsm\u00f6te 2018-10-10. \u00a7 1 Organisationens namn Organisationens namn \u00e4r Riksf\u00f6rbundet l\u00e4rare i svenska som andraspr\u00e5k. \u00a7 2 Organisationens \u00e4ndam\u00e5l Riksf\u00f6rbundet l\u00e4rare i svenska som andraspr\u00e5k har som huvudsakligt syfte att verka f\u00f6r \u00e4mnet svenska som andraspr\u00e5k, dess st\u00e4llning och utveckling i\u2026","rel":"","context":"Liknande inl\u00e4gg","block_context":{"text":"Liknande inl\u00e4gg","link":""},"img":{"alt_text":"","src":"","width":0,"height":0},"classes":[]},{"id":102,"url":"https:\/\/svariks.se\/?page_id=102","url_meta":{"origin":11,"position":2},"title":"K\u00f6p l\u00f6snummer","author":"Svariks","date":"januari 19, 2014","format":false,"excerpt":"Lisettens temanummer \u00e4r\u00a0mycket uppskattade och kan med f\u00f6rdel anv\u00e4ndas som underlag f\u00f6r studiedagar i arbetslaget, p\u00e5 l\u00e4rarutbildningar och av beslutsfattare inom skola och utbildning. Best\u00e4ll fler nummer av tidningen genom att markera vilket nummer du vill l\u00e4sa. Tillg\u00e4ngliga nummer listas l\u00e4ngre ner p\u00e5 sidan. L\u00f6snummerpris Lisetten40 kr\/st Kostnad f\u00f6r porto\u2026","rel":"","context":"Liknande inl\u00e4gg","block_context":{"text":"Liknande inl\u00e4gg","link":""},"img":{"alt_text":"","src":"https:\/\/i0.wp.com\/media.svariks.se\/2019\/01\/000-213x300.jpg?resize=350%2C200","width":350,"height":200},"classes":[]},{"id":176,"url":"https:\/\/svariks.se\/?page_id=176","url_meta":{"origin":11,"position":3},"title":"Teman och utgivningsplan f\u00f6r Lisetten 2025","author":"Annelie","date":"april 13, 2014","format":false,"excerpt":"Riktlinjer till skribenter Vill du skriva i Lisetten 2025?Vi som skriver texter i Lisetten \u00e4r l\u00e4rare i svenska som andraspr\u00e5k. H\u00e4r finns plats f\u00f6r ber\u00e4ttelser fr\u00e5n klassrummet, funderingar \u00f6ver det som \u00e4r sv\u00e5rt och \u00e5sikter om vad som borde f\u00f6r\u00e4ndras.\u00a0\u00a0\u00a0Har du n\u00e5got att dela med dig av? Bli inspirerad av\u2026","rel":"","context":"Liknande inl\u00e4gg","block_context":{"text":"Liknande inl\u00e4gg","link":""},"img":{"alt_text":"","src":"https:\/\/i0.wp.com\/media.svariks.se\/2025\/09\/image.png?resize=350%2C200&ssl=1","width":350,"height":200,"srcset":"https:\/\/i0.wp.com\/media.svariks.se\/2025\/09\/image.png?resize=350%2C200&ssl=1 1x, https:\/\/i0.wp.com\/media.svariks.se\/2025\/09\/image.png?resize=525%2C300&ssl=1 1.5x, https:\/\/i0.wp.com\/media.svariks.se\/2025\/09\/image.png?resize=700%2C400&ssl=1 2x, https:\/\/i0.wp.com\/media.svariks.se\/2025\/09\/image.png?resize=1050%2C600&ssl=1 3x"},"classes":[]},{"id":173,"url":"https:\/\/svariks.se\/?page_id=173","url_meta":{"origin":11,"position":4},"title":"Riktlinjer till skribenter","author":"Annelie","date":"april 13, 2014","format":false,"excerpt":"Fyra g\u00e5nger per \u00e5r utkommer Riksf\u00f6rbundet l\u00e4rare i svenska som andraspr\u00e5ks medlemstidning Lisetten. \u00a0\u00a0\u00a0Varje nummer har ett tema, n\u00e5gra fasta avdelningar och enstaka frist\u00e5ende artiklar. Vill du vara med och skriva? H\u00f6r av dig till oss p\u00e5 redaktion@svariks.se Skrivanvisningar\u00a0T\u00e4nk p\u00e5 att v\u00e5ra l\u00e4sare fr\u00e4mst \u00e4r l\u00e4rare i svenska som andraspr\u00e5k.\u2026","rel":"","context":"Liknande inl\u00e4gg","block_context":{"text":"Liknande inl\u00e4gg","link":""},"img":{"alt_text":"","src":"","width":0,"height":0},"classes":[]},{"id":20,"url":"https:\/\/svariks.se\/?page_id=20","url_meta":{"origin":11,"position":5},"title":"Annonser","author":"Annelie","date":"januari 1, 2014","format":false,"excerpt":"Vill du och ditt f\u00f6retag n\u00e5 l\u00e4rare i svenska som andraspr\u00e5k och andra som \u00e4r intresserade av skolutveckling, flerspr\u00e5kighet och andraspr\u00e5ksundervisning? D\u00e5 kan du annonsera i Lisetten. F\u00f6r bokning av annons eller ytterligare information, kontakta annonsbokningen.\u00a0","rel":"","context":"Liknande inl\u00e4gg","block_context":{"text":"Liknande inl\u00e4gg","link":""},"img":{"alt_text":"","src":"","width":0,"height":0},"classes":[]}],"jetpack_likes_enabled":true,"_links":{"self":[{"href":"https:\/\/svariks.se\/index.php?rest_route=\/wp\/v2\/pages\/11","targetHints":{"allow":["GET"]}}],"collection":[{"href":"https:\/\/svariks.se\/index.php?rest_route=\/wp\/v2\/pages"}],"about":[{"href":"https:\/\/svariks.se\/index.php?rest_route=\/wp\/v2\/types\/page"}],"author":[{"embeddable":true,"href":"https:\/\/svariks.se\/index.php?rest_route=\/wp\/v2\/users\/2"}],"replies":[{"embeddable":true,"href":"https:\/\/svariks.se\/index.php?rest_route=%2Fwp%2Fv2%2Fcomments&post=11"}],"version-history":[{"count":1,"href":"https:\/\/svariks.se\/index.php?rest_route=\/wp\/v2\/pages\/11\/revisions"}],"predecessor-version":[{"id":1487,"href":"https:\/\/svariks.se\/index.php?rest_route=\/wp\/v2\/pages\/11\/revisions\/1487"}],"wp:attachment":[{"href":"https:\/\/svariks.se\/index.php?rest_route=%2Fwp%2Fv2%2Fmedia&parent=11"}],"curies":[{"name":"wp","href":"https:\/\/api.w.org\/{rel}","templated":true}]}}